{"id":202,"date":"2016-04-21T21:28:51","date_gmt":"2016-04-21T21:28:51","guid":{"rendered":"http:\/\/trevor.ucsd.edu\/a\/wp6\/?page_id=202"},"modified":"2025-09-21T16:44:26","modified_gmt":"2025-09-21T16:44:26","slug":"medical-grade","status":"publish","type":"page","link":"https:\/\/trevor.ucsd.edu\/a\/wp6\/music-projects\/medical-grade\/","title":{"rendered":"Medical Grade"},"content":{"rendered":"\t\t<div data-elementor-type=\"wp-page\" data-elementor-id=\"202\" class=\"elementor elementor-202\">\n\t\t\t\t<div class=\"elementor-element elementor-element-70364fa4 e-flex e-con-boxed e-con e-parent\" data-id=\"70364fa4\" data-element_type=\"container\" data-e-type=\"container\">\n\t\t\t\t\t<div class=\"e-con-inner\">\n\t\t\t\t<div class=\"elementor-element elementor-element-04870b3 elementor-widget__width-initial elementor-widget elementor-widget-text-editor\" data-id=\"04870b3\" data-element_type=\"widget\" data-e-type=\"widget\" data-widget_type=\"text-editor.default\">\n\t\t\t\t\t\t\t\t\t<h2><img decoding=\"async\" class=\"alignnone  wp-image-2758\" style=\"vertical-align: sub;\" src=\"https:\/\/trevor.ucsd.edu\/a\/wp6\/wp-content\/uploads\/2025\/09\/medical_alert_icon_144px.png\" alt=\"\" width=\"30\" height=\"30\" \/> Short answer:<\/h2>\n<p>Medical Grade appears to be a San Diego\u2013based experimental\/industrial\/noise music and video project \u2014 associated with Trevor (Trevo) Henthorn and with releases on <strong><a href=\"https:\/\/trevohenthor.bandcamp.com\/\" target=\"_blank\" rel=\"noopener\">Bandcamp<\/a><\/strong> and a <strong><a href=\"https:\/\/www.facebook.com\/MedicalGradeNoise\" target=\"_blank\" rel=\"noopener\">MedicalGradeNoise<\/a><\/strong> Facebook page, which matches the noise\/industrial aesthetic.<\/p>\n<p>A Bandcamp listing shows an act called Medical Grade with releases (e.g., <strong><a href=\"https:\/\/trevohenthor.bandcamp.com\/album\/nation-state\" target=\"_blank\" rel=\"noopener\">Nation State<\/a><\/strong>) and tracks that lean toward experimental \/ live \/ industrial sets.\u00a0<\/p>\n<p>Trevor (Trevo) Henthorn\u2019s Bandcamp and release notes reference Medical Grade as one of his projects (and credit him on the <em>Hunt \/ Hent\/ Hawk<\/em> collaborative release of <a href=\"https:\/\/trevor.ucsd.edu\/a\/wp6\/music-projects\/hunt-hent-hawk\/hunt-hent-hawk-the-ditch\/\"><strong>The Ditch<\/strong><\/a>). That ties the project to the San Diego and Chicago scenes.<\/p>\t\t\t\t\t\t\t\t<\/div>\n\t\t\t\t<div class=\"elementor-element elementor-element-66cfcbb elementor-widget__width-initial elementor-widget elementor-widget-text-editor\" data-id=\"66cfcbb\" data-element_type=\"widget\" data-e-type=\"widget\" data-widget_type=\"text-editor.default\">\n\t\t\t\t\t\t\t\t\t<h2><img decoding=\"async\" class=\"alignnone  wp-image-2758\" style=\"vertical-align: sub;\" src=\"https:\/\/trevor.ucsd.edu\/a\/wp6\/wp-content\/uploads\/2025\/09\/medical_alert_icon_144px.png\" alt=\"\" width=\"30\" height=\"30\" \/> MG Silo6 &#8211; <em>Alien Shoes<\/em><\/h2>\n<p>April 24, 2025<\/p>\n<p><iframe src=\"https:\/\/www.youtube.com\/embed\/14nI7hCTIfU\" width=\"480\" height=\"270\" allowfullscreen=\"allowfullscreen\"><span data-mce-type=\"bookmark\" style=\"display: inline-block; width: 0px; overflow: hidden; line-height: 0;\" class=\"mce_SELRES_start\">\ufeff<\/span><\/iframe><\/p>\t\t\t\t\t\t\t\t<\/div>\n\t\t\t\t<div class=\"elementor-element elementor-element-18ca15b elementor-widget__width-initial elementor-widget elementor-widget-text-editor\" data-id=\"18ca15b\" data-element_type=\"widget\" data-e-type=\"widget\" data-widget_type=\"text-editor.default\">\n\t\t\t\t\t\t\t\t\t<h2><img decoding=\"async\" class=\"alignnone  wp-image-2758\" style=\"vertical-align: sub;\" src=\"https:\/\/trevor.ucsd.edu\/a\/wp6\/wp-content\/uploads\/2025\/09\/medical_alert_icon_144px.png\" alt=\"\" width=\"30\" height=\"30\" \/> Medical Grade <em>Silo6 (ES)<\/em><\/h2>\n<p>April 23, 2025<\/p>\n<p><iframe src=\"https:\/\/www.youtube.com\/embed\/dNmLs53nCZM\" width=\"480\" height=\"270\" allowfullscreen=\"allowfullscreen\"><\/iframe><\/p>\t\t\t\t\t\t\t\t<\/div>\n\t\t\t\t<div class=\"elementor-element elementor-element-b27d679 elementor-widget__width-initial elementor-widget elementor-widget-text-editor\" data-id=\"b27d679\" data-element_type=\"widget\" data-e-type=\"widget\" data-widget_type=\"text-editor.default\">\n\t\t\t\t\t\t\t\t\t<h2><img decoding=\"async\" class=\"alignnone  wp-image-2758\" style=\"vertical-align: sub;\" src=\"https:\/\/trevor.ucsd.edu\/a\/wp6\/wp-content\/uploads\/2025\/09\/medical_alert_icon_144px.png\" alt=\"\" width=\"30\" height=\"30\" \/> Medical Grade &#8211;<br \/>\n<em>Now it Gets Fun<\/em><\/h2>\n<p>November 6, 2023<\/p>\n<p><iframe src=\"https:\/\/www.youtube.com\/embed\/Ddn_3H2xt6w\" width=\"480\" height=\"270\" allowfullscreen=\"allowfullscreen\"><\/iframe><\/p>\t\t\t\t\t\t\t\t<\/div>\n\t\t\t\t<div class=\"elementor-element elementor-element-9378ae0 elementor-widget__width-initial elementor-widget elementor-widget-text-editor\" data-id=\"9378ae0\" data-element_type=\"widget\" data-e-type=\"widget\" data-widget_type=\"text-editor.default\">\n\t\t\t\t\t\t\t\t\t<h2><img decoding=\"async\" class=\"alignnone  wp-image-2758\" style=\"vertical-align: sub;\" src=\"https:\/\/trevor.ucsd.edu\/a\/wp6\/wp-content\/uploads\/2025\/09\/medical_alert_icon_144px.png\" alt=\"\" width=\"30\" height=\"30\" \/> Medical Grade &#8211; <br \/>\n<em>CPMC 136 Aircon Door Gap<\/em><\/h2>\n<p>June 27, 2022<\/p>\n\n\n<p><iframe src=\"https:\/\/www.youtube.com\/embed\/AIox15dTvCc\" width=\"480\" height=\"270\" allowfullscreen=\"allowfullscreen\"><\/iframe><\/p>\t\t\t\t\t\t\t\t<\/div>\n\t\t\t\t<div class=\"elementor-element elementor-element-8d8e41b elementor-widget__width-initial elementor-widget elementor-widget-text-editor\" data-id=\"8d8e41b\" data-element_type=\"widget\" data-e-type=\"widget\" data-widget_type=\"text-editor.default\">\n\t\t\t\t\t\t\t\t\t<h2><img decoding=\"async\" class=\"alignnone  wp-image-2758\" style=\"vertical-align: sub;\" src=\"https:\/\/trevor.ucsd.edu\/a\/wp6\/wp-content\/uploads\/2025\/09\/medical_alert_icon_144px.png\" alt=\"\" width=\"30\" height=\"30\" \/> Medical Grade Noise &#8211;<br \/>\n<em>CPMC Hallway door whistle<\/em><\/h2>\n<p>April 19, 2022<\/p>\n\n\n<p><iframe src=\"https:\/\/www.youtube.com\/embed\/LZlu20g6Emc\" width=\"480\" height=\"270\" allowfullscreen=\"allowfullscreen\"><\/iframe><\/p>\t\t\t\t\t\t\t\t<\/div>\n\t\t\t\t<div class=\"elementor-element elementor-element-e9c0cfc elementor-widget__width-initial elementor-widget elementor-widget-text-editor\" data-id=\"e9c0cfc\" data-element_type=\"widget\" data-e-type=\"widget\" data-widget_type=\"text-editor.default\">\n\t\t\t\t\t\t\t\t\t<h2><a href=\"https:\/\/trevor.ucsd.edu\/a\/wp6\/wp-content\/uploads\/2025\/09\/medical_alert_icon_144px.png\"><img decoding=\"async\" class=\"alignnone  wp-image-2758\" style=\"vertical-align: sub;\" src=\"https:\/\/trevor.ucsd.edu\/a\/wp6\/wp-content\/uploads\/2025\/09\/medical_alert_icon_144px.png\" alt=\"\" width=\"30\" height=\"30\" \/> <\/a>Medical Grade noise &#8211;<br \/>\n<em>CPMC 367 Speaker 3<\/em><\/h2>\n<p>March 29, 2022<\/p>\n<p><iframe src=\"https:\/\/www.youtube.com\/embed\/GaQfo8IPU4Y\" width=\"480\" height=\"270\" allowfullscreen=\"allowfullscreen\"><\/iframe><\/p>\t\t\t\t\t\t\t\t<\/div>\n\t\t\t\t<div class=\"elementor-element elementor-element-74369c7 elementor-widget__width-initial elementor-widget elementor-widget-text-editor\" data-id=\"74369c7\" data-element_type=\"widget\" data-e-type=\"widget\" data-widget_type=\"text-editor.default\">\n\t\t\t\t\t\t\t\t\t<h2><img decoding=\"async\" class=\"alignnone  wp-image-2758\" style=\"vertical-align: sub;\" src=\"https:\/\/trevor.ucsd.edu\/a\/wp6\/wp-content\/uploads\/2025\/09\/medical_alert_icon_144px.png\" alt=\"\" width=\"30\" height=\"30\" \/> Medical Grade Noise &#8211;<br \/><em>Sausages Bounce 4 (10-minutes)<\/em><\/h2>\n<p>January 31, 2022<\/p>\n<p><iframe src=\"https:\/\/www.youtube.com\/embed\/RYTnQC5GJk4\" width=\"480\" height=\"270\" allowfullscreen=\"allowfullscreen\"><\/iframe><\/p>\t\t\t\t\t\t\t\t<\/div>\n\t\t\t\t<div class=\"elementor-element elementor-element-9adcf54 elementor-widget__width-initial elementor-widget elementor-widget-text-editor\" data-id=\"9adcf54\" data-element_type=\"widget\" data-e-type=\"widget\" data-widget_type=\"text-editor.default\">\n\t\t\t\t\t\t\t\t\t<h2><img decoding=\"async\" class=\"alignnone  wp-image-2758\" style=\"vertical-align: sub;\" src=\"https:\/\/trevor.ucsd.edu\/a\/wp6\/wp-content\/uploads\/2025\/09\/medical_alert_icon_144px.png\" alt=\"\" width=\"30\" height=\"30\" \/> Medical Grade &#8211;<br \/><em>USB Noise &#8211; Data Copy 180.114 GBytes<\/em><\/h2>\n<p>January 26, 2022<\/p>\n<p><iframe src=\"https:\/\/www.youtube.com\/embed\/34Gbm5qvMeA\" width=\"480\" height=\"270\" allowfullscreen=\"allowfullscreen\"><\/iframe><\/p>\t\t\t\t\t\t\t\t<\/div>\n\t\t\t\t<div class=\"elementor-element elementor-element-9203b47 elementor-widget__width-initial elementor-widget elementor-widget-text-editor\" data-id=\"9203b47\" data-element_type=\"widget\" data-e-type=\"widget\" data-widget_type=\"text-editor.default\">\n\t\t\t\t\t\t\t\t\t<h2><a id=\"cluster5\"><\/a><img decoding=\"async\" class=\"alignnone  wp-image-2758\" style=\"vertical-align: sub;\" src=\"https:\/\/trevor.ucsd.edu\/a\/wp6\/wp-content\/uploads\/2025\/09\/medical_alert_icon_144px.png\" alt=\"\" width=\"30\" height=\"30\" \/> Medical Grade &#8211; <br \/><em>Cluster 5 (behind the scenes)<\/em><\/h2>\n<p>January 26, 2022<\/p>\n<p><iframe src=\"https:\/\/www.youtube.com\/embed\/REOHddr6_bg\" width=\"480\" height=\"270\" allowfullscreen=\"allowfullscreen\"><\/iframe><\/p>\t\t\t\t\t\t\t\t<\/div>\n\t\t\t\t<div class=\"elementor-element elementor-element-482c194 elementor-widget__width-initial elementor-widget elementor-widget-text-editor\" data-id=\"482c194\" data-element_type=\"widget\" data-e-type=\"widget\" data-widget_type=\"text-editor.default\">\n\t\t\t\t\t\t\t\t\t<h2><img decoding=\"async\" class=\"alignnone  wp-image-2758\" style=\"vertical-align: sub;\" src=\"https:\/\/trevor.ucsd.edu\/a\/wp6\/wp-content\/uploads\/2025\/09\/medical_alert_icon_144px.png\" alt=\"\" width=\"30\" height=\"30\" \/> Medical Grade &#8211;<br \/><em>MG052420 &#8211; Wash Yur Hands<\/em><\/h2>\n<p>May 24, 2020<\/p>\n<p><iframe src=\"https:\/\/www.youtube.com\/embed\/PTPGIkyPFrg\" width=\"480\" height=\"270\" allowfullscreen=\"allowfullscreen\"><\/iframe><\/p>\t\t\t\t\t\t\t\t<\/div>\n\t\t\t\t<div class=\"elementor-element elementor-element-949d5e1 elementor-widget elementor-widget-text-editor\" data-id=\"949d5e1\" data-element_type=\"widget\" data-e-type=\"widget\" data-widget_type=\"text-editor.default\">\n\t\t\t\t\t\t\t\t\t<h2><a href=\"https:\/\/trevor.ucsd.edu\/a\/wp6\/wp-content\/uploads\/2025\/09\/medical_alert_icon_144px.png\"><img decoding=\"async\" class=\"alignnone  wp-image-2758\" style=\"vertical-align: sub;\" src=\"https:\/\/trevor.ucsd.edu\/a\/wp6\/wp-content\/uploads\/2025\/09\/medical_alert_icon_144px.png\" alt=\"\" width=\"30\" height=\"30\" \/> <\/a>Medical Grade &#8211; <em>Nation State<\/em><\/h2>\n<p><a href=\"https:\/\/trevor.ucsd.edu\/a\/wp6\/wp-content\/uploads\/2025\/09\/MG_Nation_State.jpg\"><img fetchpriority=\"high\" decoding=\"async\" class=\"alignleft\" style=\"border: 2px solid #333333;\" src=\"https:\/\/trevor.ucsd.edu\/a\/wp6\/wp-content\/uploads\/2025\/09\/MG_Nation_State.jpg\" alt=\"\" width=\"400\" height=\"400\" \/><\/a><\/p>\n<p><a href=\"https:\/\/trevohenthor.bandcamp.com\/album\/nation-state\"><b>Listen on Bandcamp<\/b><\/a><\/p>\n<p><a href=\"https:\/\/www.amazon.com\/dp\/B088WG6R4R\" target=\"_blank\" rel=\"noopener\"><b>CD\/Stream on Amazon<\/b><\/a><\/p>\n<p>May 1, 2020<\/p>\n<div class=\"tralbumData tralbum-about\">\/\/ Proceeds from &#8220;Nation State&#8221; will go to the NYC &#8220;COVID-19 Emergency Relief Fund&#8221; \/\/<br \/><br \/>Medical Grade \u00e4rztliches Diktat &#8211; Wir sind der Nationalstaat<br \/><br \/>Der Nationalstaat ist ein Staatsmodell, das auf der Idee und Souver\u00e4nit\u00e4t der Nation beruht. Im Begriff Nationalstaat f\u00e4llt das Staatsgebilde mit dem Begriff der Nation zusammen. Sprachliche, kulturelle oder ethnische Homogenit\u00e4t werden im Diskurs um die Nation oft als Voraussetzung und Ziel des Nationalstaates benannt. Die Ideen der Nation und des Nationalstaats werden auch als Konstrukte bezeichnet.<br \/><br \/>Die besten Kl\u00e4nge sind &#8220;Nat\u00fcrlich&#8221; und &#8220;Zuf\u00e4llig&#8221;<br \/><br \/>This piece was performed live on April 9, 2020 with broadcast of &#8220;State&#8217;s Response&#8221; &#8211; mixed and presented in a sensible bites. Original video from\u00a0<a href=\"https:\/\/youtu.be\/DIr7CTzgD-g\" rel=\"nofollow ugc\">youtu.be\/DIr7CTzgD-g<\/a><br \/><br \/>This piece was setup with a tempo of 180 BPM (i.e. 3 BPS). Coincidentally, this is the best tempo for both Gavin&#8217;s voice and for Drum &amp; Bass. The 12-minute segment spans 540 4\/4 measures.<br \/><br \/>California&#8217;s Assembly Bill 540 was signed into law on October 12, 2001, allowing access to in-state tuition rates for undocumented and other eligible students at California&#8217;s public colleges and<span class=\"bcTruncateEllipsis\">&#8230;<\/span>\u00a0\u00a0<a>more<\/a><\/div>\n<h3 class=\"credits-label\">credits<\/h3>\n<div class=\"tralbumData tralbum-credits\">released May 1, 2020<br \/><br \/>Elektronik May 2020<br \/>Hergestellt in San Diego, Kalifornien, USA<br \/>Schnitt und Mastering von T. Henthorn<br \/>Zusammengestellt von Medical Grade<br \/><a href=\"http:\/\/mdgrd.com\/\" rel=\"nofollow ugc\">MDGrd.com<\/a><br \/><a href=\"https:\/\/www.facebook.com\/MedicalGradeNoise\/\" rel=\"nofollow ugc\">www.facebook.com\/MedicalGradeNoise\/<\/a><br \/><br \/>Zum Export zugelassen<br \/>von Pan Handler Production<br \/>Trading Co., Ltd. vertrieben<br \/><br \/>henthorn5.4<br \/>Die Artefakte inspirierten den Klang:<br \/>Fotografien von T. Henthorn<br \/>Ausr\u00fcstung: Doepfer, Digitech, TC, Roland, Shure, KMI, Eventide, Noblet, Ableton, TrevoLabs<br \/><br \/>die Statistiken:<br \/>H\u00f6rspiel: Spielzeit 63min 53 sek<br \/>Durchschnittlich: -12.37dB<br \/>Standardabweichung: .41<br \/>Quadratischer Mittelwert auf die St\u00fcck:<br \/>St\u00fcck 1 -12.83dB<br \/>St\u00fcck 2 -12.71dB<br \/>St\u00fcck 3 -12.50dB<br \/>St\u00fcck 4 -12.15dB<br \/>St\u00fcck 5 -12.06dB<br \/>Zugabe -11.77dB<\/div>\t\t\t\t\t\t\t\t<\/div>\n\t\t\t\t<div class=\"elementor-element elementor-element-064f9fc elementor-widget__width-initial elementor-widget elementor-widget-text-editor\" data-id=\"064f9fc\" data-element_type=\"widget\" data-e-type=\"widget\" data-widget_type=\"text-editor.default\">\n\t\t\t\t\t\t\t\t\t<h2><img decoding=\"async\" class=\"alignnone  wp-image-2758\" style=\"vertical-align: sub;\" src=\"https:\/\/trevor.ucsd.edu\/a\/wp6\/wp-content\/uploads\/2025\/09\/medical_alert_icon_144px.png\" alt=\"\" width=\"30\" height=\"30\" \/> Medical Grade &#8211;<br \/>\n<em>Tijuana June 30, 2018<\/em><\/h2>\n<p>June 30, 2018<\/p>\n\n\n<p><iframe src=\"https:\/\/www.youtube.com\/embed\/0UqxzcP_PRc\" width=\"480\" height=\"270\" allowfullscreen=\"allowfullscreen\"><\/iframe><\/p>\t\t\t\t\t\t\t\t<\/div>\n\t\t\t\t<div class=\"elementor-element elementor-element-279d3a2f elementor-widget__width-initial elementor-widget elementor-widget-text-editor\" data-id=\"279d3a2f\" data-element_type=\"widget\" data-e-type=\"widget\" data-widget_type=\"text-editor.default\">\n\t\t\t\t\t\t\t\t\t<h2><a href=\"https:\/\/trevor.ucsd.edu\/a\/wp6\/wp-content\/uploads\/2025\/09\/medical_alert_icon_144px.png\"><img decoding=\"async\" class=\"alignnone  wp-image-2758\" style=\"vertical-align: sub;\" src=\"https:\/\/trevor.ucsd.edu\/a\/wp6\/wp-content\/uploads\/2025\/09\/medical_alert_icon_144px.png\" alt=\"\" width=\"30\" height=\"30\" \/> <\/a>Medical Grade at Rig Rant<\/h2>\n<p>January, 2016<\/p>\n<p><iframe title=\"Rig Rant 1 (6 of 7) - Medical Grade\" src=\"https:\/\/player.vimeo.com\/video\/152037955?dnt=1&amp;app_id=122963\" width=\"800\" height=\"450\" frameborder=\"0\" allow=\"autoplay; fullscreen; picture-in-picture; clipboard-write; encrypted-media; web-share\" referrerpolicy=\"strict-origin-when-cross-origin\"><\/iframe><\/p>\n<h2><a href=\"https:\/\/trevor.ucsd.edu\/a\/wp6\/wp-content\/uploads\/2025\/09\/medical_alert_icon_144px.png\"><img decoding=\"async\" class=\"alignnone  wp-image-2758\" style=\"vertical-align: sub;\" src=\"https:\/\/trevor.ucsd.edu\/a\/wp6\/wp-content\/uploads\/2025\/09\/medical_alert_icon_144px.png\" alt=\"\" width=\"30\" height=\"30\" \/> <\/a>Open Oscillator 9 &#8211;<br \/>Medical Grade w\/Barakade<\/h2>\n<p>January, 2016<\/p>\n<p><iframe title=\"Open Oscillator 9 - Medical Grade w\/Barakade\" src=\"https:\/\/player.vimeo.com\/video\/152044238?dnt=1&amp;app_id=122963\" width=\"800\" height=\"450\" frameborder=\"0\" allow=\"autoplay; fullscreen; picture-in-picture; clipboard-write; encrypted-media; web-share\" referrerpolicy=\"strict-origin-when-cross-origin\"><\/iframe><\/p>\t\t\t\t\t\t\t\t<\/div>\n\t\t\t\t<div class=\"elementor-element elementor-element-06ee841 elementor-widget elementor-widget-text-editor\" data-id=\"06ee841\" data-element_type=\"widget\" data-e-type=\"widget\" data-widget_type=\"text-editor.default\">\n\t\t\t\t\t\t\t\t\t<h2><a href=\"https:\/\/trevor.ucsd.edu\/a\/wp6\/wp-content\/uploads\/2025\/09\/medical_alert_icon_144px.png\"><img decoding=\"async\" class=\"alignnone  wp-image-2758\" style=\"vertical-align: sub;\" src=\"https:\/\/trevor.ucsd.edu\/a\/wp6\/wp-content\/uploads\/2025\/09\/medical_alert_icon_144px.png\" alt=\"\" width=\"30\" height=\"30\" \/> <\/a>Techno \/ Acid \/ Noise \/ Hardcore<\/h2>\n<p><img decoding=\"async\" class=\"wp-image-212 alignleft\" style=\"vertical-align: text-top;\" src=\"https:\/\/trevor.ucsd.edu\/a\/wp6\/wp-content\/uploads\/2016\/04\/Music-Medical_Grade.png\" alt=\"Music-Medical_Grade\" width=\"150\" height=\"112\" srcset=\"https:\/\/trevor.ucsd.edu\/a\/wp6\/wp-content\/uploads\/2016\/04\/Music-Medical_Grade.png 1400w, https:\/\/trevor.ucsd.edu\/a\/wp6\/wp-content\/uploads\/2016\/04\/Music-Medical_Grade-500x375.png 500w, https:\/\/trevor.ucsd.edu\/a\/wp6\/wp-content\/uploads\/2016\/04\/Music-Medical_Grade-768x576.png 768w, https:\/\/trevor.ucsd.edu\/a\/wp6\/wp-content\/uploads\/2016\/04\/Music-Medical_Grade-1024x768.png 1024w, https:\/\/trevor.ucsd.edu\/a\/wp6\/wp-content\/uploads\/2016\/04\/Music-Medical_Grade-275x203.png 275w\" sizes=\"(max-width: 150px) 100vw, 150px\" \/><\/p>\n<p><a href=\"https:\/\/trevor.ucsd.edu\/a\/wp6\/wp-content\/uploads\/2025\/09\/mg_sticker7_on_gold.png\"><img loading=\"lazy\" decoding=\"async\" class=\"alignnone  wp-image-2750\" style=\"vertical-align: text-top;\" src=\"https:\/\/trevor.ucsd.edu\/a\/wp6\/wp-content\/uploads\/2025\/09\/mg_sticker7_on_gold.png\" alt=\"\" width=\"112\" height=\"112\" srcset=\"https:\/\/trevor.ucsd.edu\/a\/wp6\/wp-content\/uploads\/2025\/09\/mg_sticker7_on_gold.png 825w, https:\/\/trevor.ucsd.edu\/a\/wp6\/wp-content\/uploads\/2025\/09\/mg_sticker7_on_gold-500x500.png 500w, https:\/\/trevor.ucsd.edu\/a\/wp6\/wp-content\/uploads\/2025\/09\/mg_sticker7_on_gold-150x150.png 150w, https:\/\/trevor.ucsd.edu\/a\/wp6\/wp-content\/uploads\/2025\/09\/mg_sticker7_on_gold-768x768.png 768w, https:\/\/trevor.ucsd.edu\/a\/wp6\/wp-content\/uploads\/2025\/09\/mg_sticker7_on_gold-180x180.png 180w\" sizes=\"(max-width: 112px) 100vw, 112px\" \/><\/a><\/p>\t\t\t\t\t\t\t\t<\/div>\n\t\t\t\t<div class=\"elementor-element elementor-element-52905ce elementor-widget elementor-widget-text-editor\" data-id=\"52905ce\" data-element_type=\"widget\" data-e-type=\"widget\" data-widget_type=\"text-editor.default\">\n\t\t\t\t\t\t\t\t\t<h2><a href=\"https:\/\/trevor.ucsd.edu\/a\/wp6\/wp-content\/uploads\/2025\/09\/medical_alert_icon_144px.png\"><img loading=\"lazy\" decoding=\"async\" class=\"alignnone wp-image-2758\" style=\"vertical-align: sub;\" src=\"https:\/\/trevor.ucsd.edu\/a\/wp6\/wp-content\/uploads\/2025\/09\/medical_alert_icon_144px.png\" alt=\"\" width=\"30\" height=\"30\" \/> <\/a>Medical Grade Links<\/h2>\n<ul>\n<li class=\"tralbumData tralbum-credits\"><strong><a href=\"https:\/\/www.facebook.com\/MedicalGradeNoise\/\" rel=\"nofollow ugc\">Medical Grade on Facebook<\/a><\/strong><\/li>\n<\/ul>\t\t\t\t\t\t\t\t<\/div>\n\t\t\t\t\t<\/div>\n\t\t\t\t<\/div>\n\t\t\t\t<\/div>\n\t\t","protected":false},"excerpt":{"rendered":"<p>Short answer: Medical Grade appears to be a San Diego\u2013based experimental\/industrial\/noise music and video project \u2014 associated with Trevor (Trevo) Henthorn and with releases on Bandcamp and a MedicalGradeNoise Facebook page, which matches the noise\/industrial aesthetic. A Bandcamp listing shows an act called Medical Grade with releases (e.g., Nation State) and tracks that lean toward [&hellip;]<\/p>\n","protected":false},"author":1,"featured_media":0,"parent":27,"menu_order":0,"comment_status":"closed","ping_status":"closed","template":"","meta":{"footnotes":""},"class_list":["post-202","page","type-page","status-publish","hentry"],"_links":{"self":[{"href":"https:\/\/trevor.ucsd.edu\/a\/wp6\/wp-json\/wp\/v2\/pages\/202","targetHints":{"allow":["GET"]}}],"collection":[{"href":"https:\/\/trevor.ucsd.edu\/a\/wp6\/wp-json\/wp\/v2\/pages"}],"about":[{"href":"https:\/\/trevor.ucsd.edu\/a\/wp6\/wp-json\/wp\/v2\/types\/page"}],"author":[{"embeddable":true,"href":"https:\/\/trevor.ucsd.edu\/a\/wp6\/wp-json\/wp\/v2\/users\/1"}],"replies":[{"embeddable":true,"href":"https:\/\/trevor.ucsd.edu\/a\/wp6\/wp-json\/wp\/v2\/comments?post=202"}],"version-history":[{"count":122,"href":"https:\/\/trevor.ucsd.edu\/a\/wp6\/wp-json\/wp\/v2\/pages\/202\/revisions"}],"predecessor-version":[{"id":2947,"href":"https:\/\/trevor.ucsd.edu\/a\/wp6\/wp-json\/wp\/v2\/pages\/202\/revisions\/2947"}],"up":[{"embeddable":true,"href":"https:\/\/trevor.ucsd.edu\/a\/wp6\/wp-json\/wp\/v2\/pages\/27"}],"wp:attachment":[{"href":"https:\/\/trevor.ucsd.edu\/a\/wp6\/wp-json\/wp\/v2\/media?parent=202"}],"curies":[{"name":"wp","href":"https:\/\/api.w.org\/{rel}","templated":true}]}}